{"id":136,"date":"2022-11-29T02:25:20","date_gmt":"2022-11-29T01:25:20","guid":{"rendered":"http:\/\/crk.meander.net.pl\/?page_id=136"},"modified":"2023-02-06T16:05:38","modified_gmt":"2023-02-06T15:05:38","slug":"klauzula","status":"publish","type":"page","link":"http:\/\/crk.meander.net.pl\/index.php\/klauzula\/","title":{"rendered":"Klauzula"},"content":{"rendered":"\t\t<div data-elementor-type=\"wp-page\" data-elementor-id=\"136\" class=\"elementor elementor-136\" data-elementor-post-type=\"page\">\n\t\t\t\t\t\t<section class=\"elementor-section elementor-top-section elementor-element elementor-element-23771a5 elementor-section-boxed elementor-section-height-default elementor-section-height-default\" data-id=\"23771a5\" data-element_type=\"section\" data-settings=\"{&quot;background_background&quot;:&quot;classic&quot;}\">\n\t\t\t\t\t\t<div class=\"elementor-container elementor-column-gap-default\">\n\t\t\t\t\t<div class=\"elementor-column elementor-col-100 elementor-top-column elementor-element elementor-element-c44f24c\" data-id=\"c44f24c\" data-element_type=\"column\">\n\t\t\t<div class=\"elementor-widget-wrap elementor-element-populated\">\n\t\t\t\t\t\t<section class=\"elementor-section elementor-inner-section elementor-element elementor-element-5f753f0 elementor-section-boxed elementor-section-height-default elementor-section-height-default\" data-id=\"5f753f0\" data-element_type=\"section\">\n\t\t\t\t\t\t<div class=\"elementor-container elementor-column-gap-default\">\n\t\t\t\t\t<div class=\"elementor-column elementor-col-50 elementor-inner-column elementor-element elementor-element-170568a\" data-id=\"170568a\" data-element_type=\"column\">\n\t\t\t<div class=\"elementor-widget-wrap elementor-element-populated\">\n\t\t\t\t\t\t<div class=\"elementor-element elementor-element-0376401 elementor-widget elementor-widget-image\" data-id=\"0376401\" data-element_type=\"widget\" data-widget_type=\"image.default\">\n\t\t\t\t<div class=\"elementor-widget-container\">\n\t\t\t<style>\/*! elementor - v3.23.0 - 05-08-2024 *\/\n.elementor-widget-image{text-align:center}.elementor-widget-image a{display:inline-block}.elementor-widget-image a img[src$=\".svg\"]{width:48px}.elementor-widget-image img{vertical-align:middle;display:inline-block}<\/style>\t\t\t\t\t\t\t\t\t\t<img decoding=\"async\" width=\"325\" height=\"100\" src=\"http:\/\/crk.meander.net.pl\/wp-content\/uploads\/2022\/11\/logo_head.png\" class=\"attachment-large size-large wp-image-44\" alt=\"\" srcset=\"http:\/\/crk.meander.net.pl\/wp-content\/uploads\/2022\/11\/logo_head.png 325w, http:\/\/crk.meander.net.pl\/wp-content\/uploads\/2022\/11\/logo_head-300x92.png 300w\" sizes=\"(max-width: 325px) 100vw, 325px\" \/>\t\t\t\t\t\t\t\t\t\t\t\t\t<\/div>\n\t\t\t\t<\/div>\n\t\t\t\t\t<\/div>\n\t\t<\/div>\n\t\t\t\t<div class=\"elementor-column elementor-col-50 elementor-inner-column elementor-element elementor-element-85bbf00\" data-id=\"85bbf00\" data-element_type=\"column\">\n\t\t\t<div class=\"elementor-widget-wrap\">\n\t\t\t\t\t\t\t<\/div>\n\t\t<\/div>\n\t\t\t\t\t<\/div>\n\t\t<\/section>\n\t\t\t\t\t<\/div>\n\t\t<\/div>\n\t\t\t\t\t<\/div>\n\t\t<\/section>\n\t\t\t\t<section class=\"elementor-section elementor-top-section elementor-element elementor-element-80c27ae elementor-section-boxed elementor-section-height-default elementor-section-height-default\" data-id=\"80c27ae\" data-element_type=\"section\">\n\t\t\t\t\t\t<div class=\"elementor-container elementor-column-gap-default\">\n\t\t\t\t\t<div class=\"elementor-column elementor-col-100 elementor-top-column elementor-element elementor-element-86a1ca7\" data-id=\"86a1ca7\" data-element_type=\"column\">\n\t\t\t<div class=\"elementor-widget-wrap elementor-element-populated\">\n\t\t\t\t\t\t<section class=\"elementor-section elementor-inner-section elementor-element elementor-element-f03aed9 elementor-section-boxed elementor-section-height-default elementor-section-height-default\" data-id=\"f03aed9\" data-element_type=\"section\">\n\t\t\t\t\t\t<div class=\"elementor-container elementor-column-gap-default\">\n\t\t\t\t\t<div class=\"elementor-column elementor-col-100 elementor-inner-column elementor-element elementor-element-2dfedec\" data-id=\"2dfedec\" data-element_type=\"column\">\n\t\t\t<div class=\"elementor-widget-wrap elementor-element-populated\">\n\t\t\t\t\t\t<div class=\"elementor-element elementor-element-48a8e05 elementor-widget elementor-widget-heading\" data-id=\"48a8e05\" data-element_type=\"widget\" data-widget_type=\"heading.default\">\n\t\t\t\t<div class=\"elementor-widget-container\">\n\t\t\t<style>\/*! elementor - v3.23.0 - 05-08-2024 *\/\n.elementor-heading-title{padding:0;margin:0;line-height:1}.elementor-widget-heading .elementor-heading-title[class*=elementor-size-]>a{color:inherit;font-size:inherit;line-height:inherit}.elementor-widget-heading .elementor-heading-title.elementor-size-small{font-size:15px}.elementor-widget-heading .elementor-heading-title.elementor-size-medium{font-size:19px}.elementor-widget-heading .elementor-heading-title.elementor-size-large{font-size:29px}.elementor-widget-heading .elementor-heading-title.elementor-size-xl{font-size:39px}.elementor-widget-heading .elementor-heading-title.elementor-size-xxl{font-size:59px}<\/style><h2 class=\"elementor-heading-title elementor-size-default\">KLAUZULA INFORMACYJNA <\/h2>\t\t<\/div>\n\t\t\t\t<\/div>\n\t\t\t\t<div class=\"elementor-element elementor-element-9e3768b elementor-widget elementor-widget-heading\" data-id=\"9e3768b\" data-element_type=\"widget\" data-widget_type=\"heading.default\">\n\t\t\t\t<div class=\"elementor-widget-container\">\n\t\t\t<h2 class=\"elementor-heading-title elementor-size-default\">PACJENCI<\/h2>\t\t<\/div>\n\t\t\t\t<\/div>\n\t\t\t\t<div class=\"elementor-element elementor-element-930faf6 elementor-widget elementor-widget-text-editor\" data-id=\"930faf6\" data-element_type=\"widget\" data-widget_type=\"text-editor.default\">\n\t\t\t\t<div class=\"elementor-widget-container\">\n\t\t\t<style>\/*! elementor - v3.23.0 - 05-08-2024 *\/\n.elementor-widget-text-editor.elementor-drop-cap-view-stacked .elementor-drop-cap{background-color:#69727d;color:#fff}.elementor-widget-text-editor.elementor-drop-cap-view-framed .elementor-drop-cap{color:#69727d;border:3px solid;background-color:transparent}.elementor-widget-text-editor:not(.elementor-drop-cap-view-default) .elementor-drop-cap{margin-top:8px}.elementor-widget-text-editor:not(.elementor-drop-cap-view-default) .elementor-drop-cap-letter{width:1em;height:1em}.elementor-widget-text-editor .elementor-drop-cap{float:left;text-align:center;line-height:1;font-size:50px}.elementor-widget-text-editor .elementor-drop-cap-letter{display:inline-block}<\/style>\t\t\t\t<p><b>Administrator Danych Osobowych<br><\/b>Administratorem Pana\/Pani danych osobowych jest Centrum Radiologii Klinicznej Wilanowska Sp. z o.o. z siedzib\u0105 w Warszawie (02-665), Al. Wilanowska 333. Mo\u017cna si\u0119 z nami skontaktowa\u0107:<br>\u2022 listownie, przesy\u0142aj\u0105c korespondencj\u0119 na nasz adres,<br>\u2022 telefonicznie, pod nr. telefonu: (22) 102 67 77, 102 67 78<br>\u2022 mailowo, przesy\u0142aj\u0105c korespondencj\u0119 na adres: rejestracja@crkwilanowska.pl<br><br><b>Inspektor Ochrony Danych<br><\/b>Powo\u0142ali\u015bmy Inspektora Ochrony Danych Osobowych z kt\u00f3rym mo\u017cna si\u0119 skontaktowa\u0107:<br>\u2022 listownie, przesy\u0142aj\u0105c korespondencj\u0119 na nasz adres (z dopiskiem IOD),<br>\u2022 mailowo, przesy\u0142aj\u0105c korespondencj\u0119 na adres: iod@crkwilanowska.pl<br><br><b>Cel i podstawa przetwarzania danych osobowych<br><\/b>Pana\/Pani dane osobowe przetwarzane b\u0119d\u0105 wy\u0142\u0105cznie w celu:<br>\u2022 realizacji umowy na \u015bwiadczenie us\u0142ug medycznych, zgodnie z art. 6 ust 1 lit b RODO,<br>\u2022 realizacji \u015bwiadcze\u0144 zdrowotnych, zgodnie art. 9 ust 2 lit h RODO,<br>\u2022 realizacji obowi\u0105zku prawnego ci\u0105\u017c\u0105cego na nas, zgodnie art. 6 ust 1 lit c RODO, wynikaj\u0105cego z ustawy o Prawach Pacjenta i rzeczniku praw Pacjenta, ustawy z dnia 15 kwietnia 2011 r. o dzia\u0142alno\u015bci leczniczej, ustawy z dnia 5 grudnia 1996 r. o zawodach lekarza i lekarza dentysty, z obowi\u0105zku archiwizowania dokumentacji, z Art. 74 Ustawy o Rachunkowo\u015bci, w zwi\u0105zku z rozliczeniami oraz Kodeksu Cywilnego.<br>\u2022 realizacji usprawiedliwionych naszych cel\u00f3w, zgodnie z art. 6 ust 1 lit f RODO, takich jak roszczenia lub obrona przed roszczeniami, kontakt w celu um\u00f3wienia terminu wizyty, jej odwo\u0142ania lub przypomnienia, poinformowania o dost\u0119pno\u015bci wynik\u00f3w bada\u0144,<br>\u2022 przesy\u0142ania informacji o promocjach oraz organizowanych akcjach edukacyjnych, w przypadku wyra\u017cenia zgody, zgodnie z art. 6 ust 1 lit a RODO.<br><br><b>Odbiorcy danych<br><\/b>Odbiorcami Pana\/Pani danych osobowych mog\u0105 by\u0107 podmioty, kt\u00f3rym udost\u0119pnienie danych osobowych reguluj\u0105 oddzielne przepisy prawa, jak np. Minister W\u0142a\u015bciwy ds. Zdrowia, Centrum E-zdrowie, NFZ, dostawcy us\u0142ug pocztowych, Urz\u0105d Skarbowy, plac\u00f3wki medyczne wsp\u00f3\u0142pracuj\u0105ce z nami, kancelaria prawna, w przypadku wyst\u0105pienia roszcze\u0144 oraz podmioty wsp\u00f3\u0142pracuj\u0105ce z nami, w zwi\u0105zku ze \u015bwiadczeniem us\u0142ug: hostingowych, medycznych, wsparcia informatycznego, dostawcy oprogramowania oraz rozwi\u0105za\u0144 informatycznych, biura rachunkowego.<br><br><b>Okres retencji danych<br><\/b>Pana\/Pani dane osobowe b\u0119dziemy przetwarza\u0107 przez okres:<br>\u2022 w przypadku zapisania na wizyt\u0119 i nie stawienia si\u0119 na niej (je\u017celi nie jest Pan\/Pani naszym Pacjentem) dane s\u0105 niezw\u0142ocznie usuwane,<br>\u2022 wynikaj\u0105cy z ustawy z dnia 6 listopada 2008 r. o prawach pacjenta i Rzeczniku Praw Pacjenta,<br>\u2022 wynikaj\u0105cy z przepis\u00f3w podatkowych \u2013 5 lat (od zako\u0144czenia roku),<br>\u2022 do czasu odwo\u0142ania zgody na przesy\u0142anie informacji handlowych lub wykonywania zdj\u0119\u0107 przed i po zabiegu,<br>\u2022 do czasu przedawnienia roszcze\u0144.<br><br><b>Przys\u0142uguj\u0105ce prawa<br><\/b>W zwi\u0105zku z przetwarzaniem danych osobowych przys\u0142uguj\u0105 Panu\/Pani nast\u0119puj\u0105ce prawa:<br>\u2022 prawo dost\u0119pu do tre\u015bci swoich danych,<br>\u2022 prawo do sprostowania,<br> \u2022 prawo do usuni\u0119cia danych w przypadku gdyby\u015bmy je przetwarzali bez podstawy prawnej,<br>\u2022 prawo do przenoszenia, w zakresie danych kt\u00f3re przetwarzamy na podstawie zawartej umowy lub udzielonej zgody,<br>\u2022 prawo ograniczenia przetwarzania,<br> \u2022 prawo wniesienia sprzeciwu,<br>\u2022 prawo cofni\u0119cia zgody w dowolnym momencie. Cofni\u0119cie zgody nie wp\u0142ywa na zgodno\u015b\u0107 z prawem przetwarzania, kt\u00f3rego dokonano na podstawie zgody przed jej cofni\u0119ciem,<br>\u2022 prawo wniesienia skargi do UODO (ul. Stawki 2 00-193 Warszawa), gdy uzna Pan\/Pani, i\u017c przetwarzanie danych osobowych Pana\/Pani dotycz\u0105cych narusza przepisy RODO.<br><br><b>Dobrowolno\u015b\u0107 podania danych<br><\/b>Podanie przez Pana\/Pani\u0105 danych osobowych jest warunkiem skorzystania z naszych us\u0142ug medycznych. Konsekwencj\u0105 niepodania danych osobowych b\u0119dzie brak mo\u017cliwo\u015bci skorzystania z naszych us\u0142ug.<\/p>\t\t\t\t\t\t<\/div>\n\t\t\t\t<\/div>\n\t\t\t\t\t<\/div>\n\t\t<\/div>\n\t\t\t\t\t<\/div>\n\t\t<\/section>\n\t\t\t\t\t<\/div>\n\t\t<\/div>\n\t\t\t\t\t<\/div>\n\t\t<\/section>\n\t\t\t\t<\/div>\n\t\t","protected":false},"excerpt":{"rendered":"<p>KLAUZULA INFORMACYJNA PACJENCI Administrator Danych OsobowychAdministratorem Pana\/Pani danych osobowych jest Centrum Radiologii Klinicznej Wilanowska Sp. z o.o. z siedzib\u0105 w Warszawie (02-665), Al. Wilanowska 333. Mo\u017cna si\u0119 z nami skontaktowa\u0107:\u2022 listownie, przesy\u0142aj\u0105c korespondencj\u0119 na nasz adres,\u2022 telefonicznie, pod nr. telefonu: (22) 102 67 77, 102 67 78\u2022 mailowo, przesy\u0142aj\u0105c korespondencj\u0119 na adres: rejestracja@crkwilanowska.pl Inspektor Ochrony [&hellip;]<\/p>\n","protected":false},"author":1,"featured_media":0,"parent":0,"menu_order":0,"comment_status":"closed","ping_status":"closed","template":"elementor_theme","meta":{"site-sidebar-layout":"no-sidebar","site-content-layout":"page-builder","ast-site-content-layout":"","site-content-style":"default","site-sidebar-style":"default","ast-global-header-display":"","ast-banner-title-visibility":"","ast-main-header-display":"","ast-hfb-above-header-display":"","ast-hfb-below-header-display":"","ast-hfb-mobile-header-display":"","site-post-title":"disabled","ast-breadcrumbs-content":"","ast-featured-img":"disabled","footer-sml-layout":"","theme-transparent-header-meta":"","adv-header-id-meta":"","stick-header-meta":"","header-above-stick-meta":"","header-main-stick-meta":"","header-below-stick-meta":"","astra-migrate-meta-layouts":"default","ast-page-background-enabled":"default","ast-page-background-meta":{"desktop":{"background-color":"var(--ast-global-color-4)","background-image":"","background-repeat":"repeat","background-position":"center center","background-size":"auto","background-attachment":"scroll","background-type":"","background-media":"","overlay-type":"","overlay-color":"","overlay-opacity":"","overlay-gradient":""},"tablet":{"background-color":"","background-image":"","background-repeat":"repeat","background-position":"center center","background-size":"auto","background-attachment":"scroll","background-type":"","background-media":"","overlay-type":"","overlay-color":"","overlay-opacity":"","overlay-gradient":""},"mobile":{"background-color":"","background-image":"","background-repeat":"repeat","background-position":"center center","background-size":"auto","background-attachment":"scroll","background-type":"","background-media":"","overlay-type":"","overlay-color":"","overlay-opacity":"","overlay-gradient":""}},"ast-content-background-meta":{"desktop":{"background-color":"var(--ast-global-color-5)","background-image":"","background-repeat":"repeat","background-position":"center center","background-size":"auto","background-attachment":"scroll","background-type":"","background-media":"","overlay-type":"","overlay-color":"","overlay-opacity":"","overlay-gradient":""},"tablet":{"background-color":"var(--ast-global-color-5)","background-image":"","background-repeat":"repeat","background-position":"center center","background-size":"auto","background-attachment":"scroll","background-type":"","background-media":"","overlay-type":"","overlay-color":"","overlay-opacity":"","overlay-gradient":""},"mobile":{"background-color":"var(--ast-global-color-5)","background-image":"","background-repeat":"repeat","background-position":"center center","background-size":"auto","background-attachment":"scroll","background-type":"","background-media":"","overlay-type":"","overlay-color":"","overlay-opacity":"","overlay-gradient":""}},"footnotes":""},"class_list":["post-136","page","type-page","status-publish","hentry"],"_links":{"self":[{"href":"http:\/\/crk.meander.net.pl\/index.php\/wp-json\/wp\/v2\/pages\/136","targetHints":{"allow":["GET"]}}],"collection":[{"href":"http:\/\/crk.meander.net.pl\/index.php\/wp-json\/wp\/v2\/pages"}],"about":[{"href":"http:\/\/crk.meander.net.pl\/index.php\/wp-json\/wp\/v2\/types\/page"}],"author":[{"embeddable":true,"href":"http:\/\/crk.meander.net.pl\/index.php\/wp-json\/wp\/v2\/users\/1"}],"replies":[{"embeddable":true,"href":"http:\/\/crk.meander.net.pl\/index.php\/wp-json\/wp\/v2\/comments?post=136"}],"version-history":[{"count":16,"href":"http:\/\/crk.meander.net.pl\/index.php\/wp-json\/wp\/v2\/pages\/136\/revisions"}],"predecessor-version":[{"id":308,"href":"http:\/\/crk.meander.net.pl\/index.php\/wp-json\/wp\/v2\/pages\/136\/revisions\/308"}],"wp:attachment":[{"href":"http:\/\/crk.meander.net.pl\/index.php\/wp-json\/wp\/v2\/media?parent=136"}],"curies":[{"name":"wp","href":"https:\/\/api.w.org\/{rel}","templated":true}]}}