{"id":159,"date":"2022-11-29T18:02:08","date_gmt":"2022-11-29T17:02:08","guid":{"rendered":"http:\/\/crk.meander.net.pl\/?page_id=159"},"modified":"2023-02-06T16:07:40","modified_gmt":"2023-02-06T15:07:40","slug":"zasady","status":"publish","type":"page","link":"http:\/\/crk.meander.net.pl\/index.php\/zasady\/","title":{"rendered":"Zasady"},"content":{"rendered":"\t\t<div data-elementor-type=\"wp-page\" data-elementor-id=\"159\" class=\"elementor elementor-159\" data-elementor-post-type=\"page\">\n\t\t\t\t\t\t<section class=\"elementor-section elementor-top-section elementor-element elementor-element-add2b7a elementor-section-boxed elementor-section-height-default elementor-section-height-default\" data-id=\"add2b7a\" data-element_type=\"section\" data-settings=\"{&quot;background_background&quot;:&quot;classic&quot;}\">\n\t\t\t\t\t\t<div class=\"elementor-container elementor-column-gap-default\">\n\t\t\t\t\t<div class=\"elementor-column elementor-col-100 elementor-top-column elementor-element elementor-element-797d2ac\" data-id=\"797d2ac\" data-element_type=\"column\">\n\t\t\t<div class=\"elementor-widget-wrap elementor-element-populated\">\n\t\t\t\t\t\t<section class=\"elementor-section elementor-inner-section elementor-element elementor-element-ff5dba5 elementor-section-boxed elementor-section-height-default elementor-section-height-default\" data-id=\"ff5dba5\" data-element_type=\"section\">\n\t\t\t\t\t\t<div class=\"elementor-container elementor-column-gap-default\">\n\t\t\t\t\t<div class=\"elementor-column elementor-col-50 elementor-inner-column elementor-element elementor-element-dba550b\" data-id=\"dba550b\" data-element_type=\"column\">\n\t\t\t<div class=\"elementor-widget-wrap elementor-element-populated\">\n\t\t\t\t\t\t<div class=\"elementor-element elementor-element-8a42b55 elementor-widget elementor-widget-image\" data-id=\"8a42b55\" data-element_type=\"widget\" data-widget_type=\"image.default\">\n\t\t\t\t<div class=\"elementor-widget-container\">\n\t\t\t<style>\/*! elementor - v3.23.0 - 05-08-2024 *\/\n.elementor-widget-image{text-align:center}.elementor-widget-image a{display:inline-block}.elementor-widget-image a img[src$=\".svg\"]{width:48px}.elementor-widget-image img{vertical-align:middle;display:inline-block}<\/style>\t\t\t\t\t\t\t\t\t\t<img decoding=\"async\" width=\"325\" height=\"100\" src=\"http:\/\/crk.meander.net.pl\/wp-content\/uploads\/2022\/11\/logo_head.png\" class=\"attachment-large size-large wp-image-44\" alt=\"\" srcset=\"http:\/\/crk.meander.net.pl\/wp-content\/uploads\/2022\/11\/logo_head.png 325w, http:\/\/crk.meander.net.pl\/wp-content\/uploads\/2022\/11\/logo_head-300x92.png 300w\" sizes=\"(max-width: 325px) 100vw, 325px\" \/>\t\t\t\t\t\t\t\t\t\t\t\t\t<\/div>\n\t\t\t\t<\/div>\n\t\t\t\t\t<\/div>\n\t\t<\/div>\n\t\t\t\t<div class=\"elementor-column elementor-col-50 elementor-inner-column elementor-element elementor-element-071058a\" data-id=\"071058a\" data-element_type=\"column\">\n\t\t\t<div class=\"elementor-widget-wrap\">\n\t\t\t\t\t\t\t<\/div>\n\t\t<\/div>\n\t\t\t\t\t<\/div>\n\t\t<\/section>\n\t\t\t\t\t<\/div>\n\t\t<\/div>\n\t\t\t\t\t<\/div>\n\t\t<\/section>\n\t\t\t\t<section class=\"elementor-section elementor-top-section elementor-element elementor-element-950019e elementor-section-boxed elementor-section-height-default elementor-section-height-default\" data-id=\"950019e\" data-element_type=\"section\">\n\t\t\t\t\t\t<div class=\"elementor-container elementor-column-gap-default\">\n\t\t\t\t\t<div class=\"elementor-column elementor-col-100 elementor-top-column elementor-element elementor-element-9896c8d\" data-id=\"9896c8d\" data-element_type=\"column\">\n\t\t\t<div class=\"elementor-widget-wrap elementor-element-populated\">\n\t\t\t\t\t\t<div class=\"elementor-element elementor-element-d91b6a4 elementor-widget elementor-widget-heading\" data-id=\"d91b6a4\" data-element_type=\"widget\" data-widget_type=\"heading.default\">\n\t\t\t\t<div class=\"elementor-widget-container\">\n\t\t\t<style>\/*! elementor - v3.23.0 - 05-08-2024 *\/\n.elementor-heading-title{padding:0;margin:0;line-height:1}.elementor-widget-heading .elementor-heading-title[class*=elementor-size-]>a{color:inherit;font-size:inherit;line-height:inherit}.elementor-widget-heading .elementor-heading-title.elementor-size-small{font-size:15px}.elementor-widget-heading .elementor-heading-title.elementor-size-medium{font-size:19px}.elementor-widget-heading .elementor-heading-title.elementor-size-large{font-size:29px}.elementor-widget-heading .elementor-heading-title.elementor-size-xl{font-size:39px}.elementor-widget-heading .elementor-heading-title.elementor-size-xxl{font-size:59px}<\/style><h2 class=\"elementor-heading-title elementor-size-default\">Zasady korzystania z us\u0142ug<\/h2>\t\t<\/div>\n\t\t\t\t<\/div>\n\t\t\t\t<div class=\"elementor-element elementor-element-4301bc7 elementor-widget elementor-widget-heading\" data-id=\"4301bc7\" data-element_type=\"widget\" data-widget_type=\"heading.default\">\n\t\t\t\t<div class=\"elementor-widget-container\">\n\t\t\t<h2 class=\"elementor-heading-title elementor-size-default\">Centrum Radiologii Klinicznej Wilanowska Sp. z o.o.<\/h2>\t\t<\/div>\n\t\t\t\t<\/div>\n\t\t\t\t<div class=\"elementor-element elementor-element-cb2fbad elementor-widget elementor-widget-text-editor\" data-id=\"cb2fbad\" data-element_type=\"widget\" data-widget_type=\"text-editor.default\">\n\t\t\t\t<div class=\"elementor-widget-container\">\n\t\t\t<style>\/*! elementor - v3.23.0 - 05-08-2024 *\/\n.elementor-widget-text-editor.elementor-drop-cap-view-stacked .elementor-drop-cap{background-color:#69727d;color:#fff}.elementor-widget-text-editor.elementor-drop-cap-view-framed .elementor-drop-cap{color:#69727d;border:3px solid;background-color:transparent}.elementor-widget-text-editor:not(.elementor-drop-cap-view-default) .elementor-drop-cap{margin-top:8px}.elementor-widget-text-editor:not(.elementor-drop-cap-view-default) .elementor-drop-cap-letter{width:1em;height:1em}.elementor-widget-text-editor .elementor-drop-cap{float:left;text-align:center;line-height:1;font-size:50px}.elementor-widget-text-editor .elementor-drop-cap-letter{display:inline-block}<\/style>\t\t\t\t<p><span style=\"font-style: inherit; font-weight: inherit; letter-spacing: 0px; background-color: var(--ast-global-color-5);\">1.\u00a0<\/span><span style=\"font-style: inherit; font-weight: inherit; letter-spacing: 0px; background-color: var(--ast-global-color-5);\">Badania diagnostyczne w Centrum Radiologii Klinicznej Wilanowska mo\u017cna um\u00f3wi\u0107 telefonicznie, mailowo lub osobi\u015bcie w Rejestracji Centrum codziennie od Poniedzia\u0142ku do Pi\u0105tku w godzinach 08:00-20:00.<\/span><\/p><p>2. Wizyta jest potwierdzana telefonicznie &#8211; z podaniem danych osobowych; daty, godziny\u00a0 oraz rodzaju um\u00f3wionego badania z jednodniowym wyprzedzeniem\u00a0<\/p><p>3. Na ka\u017cdym etapie korzystania z us\u0142ug plac\u00f3wki pacjent zobowi\u0105zany jest okaza\u0107 wa\u017cny dokument to\u017csamo\u015bci.<\/p><p>4. Zgodnie z rozporz\u0105dzeniem Ministra Zdrowia na terenie plac\u00f3wki obowi\u0105zuje nakaz noszenia maseczki ochronnej.<\/p><p>5. Ka\u017cdy pacjent zobowi\u0105zany jest przestrzega\u0107 zasady bezpiecze\u0144stwa i ppo\u017c., obowi\u0105zuj\u0105ce w Centrum.<\/p><p>6. Badanie RTG wymaga skierowania od lekarza w wersji papierowej. Skierowanie powinno zawiera\u0107 dane pacjenta (imi\u0119 i nazwisko, pesel, adres), piecz\u0105tk\u0119 jednostki, piecz\u0105tk\u0119 lekarza kieruj\u0105cego\u00a0 oraz informacj\u0119 czego dotyczy badanie.<\/p><p>7. Badanie USG oraz MRI mo\u017cna wykona\u0107 bez skierowania.\u00a0\u00a0<\/p><p>8. Niekt\u00f3re badania diagnostyczne wymagaj\u0105 przygotowania &#8211; informacja w rejestracji.<\/p><p>9. Na badanie pacjenta zaprasza pracownik Centrum Radiologii.<\/p><p>10.\u00a0Wyniki bada\u0144 mo\u017cna uzyska\u0107 w rejestracji osobi\u015bcie oraz mailowo.\u00a0 Dopuszcza si\u0119 odbi\u00f3r wynik\u00f3w bada\u0144 przez inne osoby po uprzednim wype\u0142nieniu stosownego upowa\u017cnienia.<\/p><p>11. Wyniki bada\u0144 przekazywane mailowo b\u0119d\u0105 wysy\u0142ane w postaci zaszyfrowanego pliku.\u00a0<\/p><p>12. Pacjent nieletni zg\u0142asza si\u0119 na badanie w obecno\u015bci rodzica\/opiekuna prawnego.\u00a0<\/p><p>13. Wszelkie wnioski oraz uwagi mo\u017cna zg\u0142asza\u0107 drog\u0105 mailow\u0105 na adres rejestracja@crkwilanowska.pl. Wnioski oraz uwagi rozpatrywane s\u0105 w terminie do 30 dni od daty zg\u0142oszenia.\u00a0<\/p><p>14. Biuro Rzecznika Praw Pacjenta ul. M\u0142ynarska 46 01-171 Warszawa Telefoniczna Informacja Pacjenta: 800 190 590<\/p><div>\u00a0<\/div>\t\t\t\t\t\t<\/div>\n\t\t\t\t<\/div>\n\t\t\t\t\t<\/div>\n\t\t<\/div>\n\t\t\t\t\t<\/div>\n\t\t<\/section>\n\t\t\t\t<\/div>\n\t\t","protected":false},"excerpt":{"rendered":"<p>Zasady korzystania z us\u0142ug Centrum Radiologii Klinicznej Wilanowska Sp. z o.o. 1.\u00a0Badania diagnostyczne w Centrum Radiologii Klinicznej Wilanowska mo\u017cna um\u00f3wi\u0107 telefonicznie, mailowo lub osobi\u015bcie w Rejestracji Centrum codziennie od Poniedzia\u0142ku do Pi\u0105tku w godzinach 08:00-20:00. 2. Wizyta jest potwierdzana telefonicznie &#8211; z podaniem danych osobowych; daty, godziny\u00a0 oraz rodzaju um\u00f3wionego badania z jednodniowym wyprzedzeniem\u00a0 3. [&hellip;]<\/p>\n","protected":false},"author":1,"featured_media":0,"parent":0,"menu_order":0,"comment_status":"closed","ping_status":"closed","template":"elementor_theme","meta":{"site-sidebar-layout":"no-sidebar","site-content-layout":"page-builder","ast-site-content-layout":"","site-content-style":"default","site-sidebar-style":"default","ast-global-header-display":"","ast-banner-title-visibility":"","ast-main-header-display":"","ast-hfb-above-header-display":"","ast-hfb-below-header-display":"","ast-hfb-mobile-header-display":"","site-post-title":"disabled","ast-breadcrumbs-content":"","ast-featured-img":"disabled","footer-sml-layout":"","theme-transparent-header-meta":"","adv-header-id-meta":"","stick-header-meta":"","header-above-stick-meta":"","header-main-stick-meta":"","header-below-stick-meta":"","astra-migrate-meta-layouts":"default","ast-page-background-enabled":"default","ast-page-background-meta":{"desktop":{"background-color":"var(--ast-global-color-4)","background-image":"","background-repeat":"repeat","background-position":"center center","background-size":"auto","background-attachment":"scroll","background-type":"","background-media":"","overlay-type":"","overlay-color":"","overlay-opacity":"","overlay-gradient":""},"tablet":{"background-color":"","background-image":"","background-repeat":"repeat","background-position":"center center","background-size":"auto","background-attachment":"scroll","background-type":"","background-media":"","overlay-type":"","overlay-color":"","overlay-opacity":"","overlay-gradient":""},"mobile":{"background-color":"","background-image":"","background-repeat":"repeat","background-position":"center center","background-size":"auto","background-attachment":"scroll","background-type":"","background-media":"","overlay-type":"","overlay-color":"","overlay-opacity":"","overlay-gradient":""}},"ast-content-background-meta":{"desktop":{"background-color":"var(--ast-global-color-5)","background-image":"","background-repeat":"repeat","background-position":"center center","background-size":"auto","background-attachment":"scroll","background-type":"","background-media":"","overlay-type":"","overlay-color":"","overlay-opacity":"","overlay-gradient":""},"tablet":{"background-color":"var(--ast-global-color-5)","background-image":"","background-repeat":"repeat","background-position":"center center","background-size":"auto","background-attachment":"scroll","background-type":"","background-media":"","overlay-type":"","overlay-color":"","overlay-opacity":"","overlay-gradient":""},"mobile":{"background-color":"var(--ast-global-color-5)","background-image":"","background-repeat":"repeat","background-position":"center center","background-size":"auto","background-attachment":"scroll","background-type":"","background-media":"","overlay-type":"","overlay-color":"","overlay-opacity":"","overlay-gradient":""}},"footnotes":""},"class_list":["post-159","page","type-page","status-publish","hentry"],"_links":{"self":[{"href":"http:\/\/crk.meander.net.pl\/index.php\/wp-json\/wp\/v2\/pages\/159","targetHints":{"allow":["GET"]}}],"collection":[{"href":"http:\/\/crk.meander.net.pl\/index.php\/wp-json\/wp\/v2\/pages"}],"about":[{"href":"http:\/\/crk.meander.net.pl\/index.php\/wp-json\/wp\/v2\/types\/page"}],"author":[{"embeddable":true,"href":"http:\/\/crk.meander.net.pl\/index.php\/wp-json\/wp\/v2\/users\/1"}],"replies":[{"embeddable":true,"href":"http:\/\/crk.meander.net.pl\/index.php\/wp-json\/wp\/v2\/comments?post=159"}],"version-history":[{"count":10,"href":"http:\/\/crk.meander.net.pl\/index.php\/wp-json\/wp\/v2\/pages\/159\/revisions"}],"predecessor-version":[{"id":312,"href":"http:\/\/crk.meander.net.pl\/index.php\/wp-json\/wp\/v2\/pages\/159\/revisions\/312"}],"wp:attachment":[{"href":"http:\/\/crk.meander.net.pl\/index.php\/wp-json\/wp\/v2\/media?parent=159"}],"curies":[{"name":"wp","href":"https:\/\/api.w.org\/{rel}","templated":true}]}}